{"id":12,"date":"2010-09-02T11:41:15","date_gmt":"2010-09-02T11:41:15","guid":{"rendered":"http:\/\/www.secondhandchild.ch\/wordpress\/?page_id=12"},"modified":"2019-12-15T20:29:32","modified_gmt":"2019-12-15T20:29:32","slug":"weve-never-been-here-download-ep","status":"publish","type":"page","link":"https:\/\/www.secondhandchild.ch\/wordpress\/?page_id=12","title":{"rendered":"&#8220;We&#8217;ve Never Been Here&#8230;&#8221; EP"},"content":{"rendered":"<p><center><a href=\"https:\/\/www.secondhandchild.ch\/wordpress\/wp-content\/uploads\/2010\/09\/WNBH-CoverFinish1.jpg\"><img loading=\"lazy\" decoding=\"async\" class=\"aligncenter size-medium wp-image-13\" title=\"WeveNeverBeenHere\" src=\"https:\/\/www.secondhandchild.ch\/wordpress\/wp-content\/uploads\/2010\/09\/WNBH-CoverFinish1-300x277.jpg\" alt=\"\" width=\"300\" height=\"277\" srcset=\"https:\/\/www.secondhandchild.ch\/wordpress\/wp-content\/uploads\/2010\/09\/WNBH-CoverFinish1-300x277.jpg 300w, https:\/\/www.secondhandchild.ch\/wordpress\/wp-content\/uploads\/2010\/09\/WNBH-CoverFinish1.jpg 957w\" sizes=\"auto, (max-width: 300px) 100vw, 300px\" \/><\/a><br \/>\n&#8212;<br \/>\n<a href=\"https:\/\/www.secondhandchild.ch\/wordpress\/?album=weve-never-been-here-ep\">Zum Player geht&#8217;s hier lang&#8230;<\/a><\/center><\/p>\n","protected":false},"excerpt":{"rendered":"<p>&#8212; Zum Player geht&#8217;s hier lang&#8230;<\/p>\n","protected":false},"author":1,"featured_media":0,"parent":0,"menu_order":2,"comment_status":"open","ping_status":"closed","template":"","meta":{"jetpack_post_was_ever_published":false,"footnotes":""},"class_list":["post-12","page","type-page","status-publish","hentry"],"jetpack_sharing_enabled":true,"jetpack_shortlink":"https:\/\/wp.me\/P73Hwi-c","jetpack-related-posts":[{"id":190,"url":"https:\/\/www.secondhandchild.ch\/wordpress\/?page_id=190","url_meta":{"origin":12,"position":0},"title":"Biography","author":"K","date":"17\/02\/2011","format":false,"excerpt":"After a few fun-packed years of playing punk-rock, going through a band name change and finally finding a long sought after second guitarist, ShC was born in late 2005. This new entity is comprised of K (vocals), Tillian (guitar), Jo (guitar), Marc (bass) and Philipp (drums): five of the coolest\u2026","rel":"","context":"Similar post","block_context":{"text":"Similar post","link":""},"img":{"alt_text":"","src":"","width":0,"height":0},"classes":[]},{"id":2,"url":"https:\/\/www.secondhandchild.ch\/wordpress\/?page_id=2","url_meta":{"origin":12,"position":1},"title":"Biographie","author":"K","date":"18\/06\/2010","format":false,"excerpt":"Vor vielen Tagen und langen N\u00e4chten, beschlossen f\u00fcnf lustige Freunde der lauten Musik eine Band zu gr\u00fcnden. Und wenn man so etwas schon mal beschliesst, dann macht man das halt auch... Der Musikstil stand auf Anhieb fest, und man entschloss sich umgehend dazu das Publikum mittels einer Mischung aus H\u00e4rte\u2026","rel":"","context":"Similar post","block_context":{"text":"Similar post","link":""},"img":{"alt_text":"","src":"","width":0,"height":0},"classes":[]},{"id":479,"url":"https:\/\/www.secondhandchild.ch\/wordpress\/?page_id=479","url_meta":{"origin":12,"position":2},"title":"&#8220;Chapter One&#8221; &#8211; Lyrics","author":"K","date":"30\/10\/2011","format":false,"excerpt":"Hier findet ihr alle Texte - ausnahmslos von K und\/oder Stevie Boy geschrieben - von \"Chapter One: Spontaneous Human Combustion\" in der Reihenfolge der Tracklist. Viel Spass beim Mitschreien! ;) *** Tribute To The Day We Were Born Being best friends with dictators Knowing when one takes a crap Being\u2026","rel":"","context":"Similar post","block_context":{"text":"Similar post","link":""},"img":{"alt_text":"","src":"","width":0,"height":0},"classes":[]},{"id":775,"url":"https:\/\/www.secondhandchild.ch\/wordpress\/?page_id=775","url_meta":{"origin":12,"position":3},"title":"Datenschutzerkl\u00e4rung","author":"K","date":"26\/05\/2018","format":false,"excerpt":"Wer wir sind Unsere Webadresse lautet: http:\/\/www.secondhandchild.ch\/wordpress Diese Webseite ist ein Non-Profit Informationsportal der Band Secondhand Child (ShC). Man findet hier Informationen zum Schaffen der Band und deren Ver\u00f6ffentlichungen (Alben und Videos) und Auftritte. Wir nehmen den Schutz personenbezogener Daten sehr ernst. Secondhandchild.ch verarbeitet personenbezogene Daten nur, sofern das Gesetz\u2026","rel":"","context":"Similar post","block_context":{"text":"Similar post","link":""},"img":{"alt_text":"","src":"","width":0,"height":0},"classes":[]},{"id":777,"url":"https:\/\/www.secondhandchild.ch\/wordpress\/?page_id=777","url_meta":{"origin":12,"position":4},"title":"Privacy Policy","author":"K","date":"26\/05\/2018","format":false,"excerpt":"Well...sorry folks, but we won't translate this part! It just explains, in accordance with the EU GDPR, what data is collected by this page, how it is treated and what the rights of visitors of this page are (i.e. request information regarding personal data and\/or request deletion of said data).\u2026","rel":"","context":"Similar post","block_context":{"text":"Similar post","link":""},"img":{"alt_text":"","src":"","width":0,"height":0},"classes":[]},{"id":503,"url":"https:\/\/www.secondhandchild.ch\/wordpress\/?page_id=503","url_meta":{"origin":12,"position":5},"title":"&#8220;Chapter One&#8221; &#8211; Lyrics","author":"K","date":"30\/10\/2011","format":false,"excerpt":"Below you'll find the lyrics - all written by K and\/or Stevie Boy - from our record \"Chapter One: Spontaneous Human Combustion\" in the order of the tracklist. Have fun shouting along! ;) *** Tribute To The Day We Were Born Being best friends with dictators Knowing when one takes\u2026","rel":"","context":"Similar post","block_context":{"text":"Similar post","link":""},"img":{"alt_text":"","src":"","width":0,"height":0},"classes":[]}],"_links":{"self":[{"href":"https:\/\/www.secondhandchild.ch\/wordpress\/index.php?rest_route=\/wp\/v2\/pages\/12","targetHints":{"allow":["GET"]}}],"collection":[{"href":"https:\/\/www.secondhandchild.ch\/wordpress\/index.php?rest_route=\/wp\/v2\/pages"}],"about":[{"href":"https:\/\/www.secondhandchild.ch\/wordpress\/index.php?rest_route=\/wp\/v2\/types\/page"}],"author":[{"embeddable":true,"href":"https:\/\/www.secondhandchild.ch\/wordpress\/index.php?rest_route=\/wp\/v2\/users\/1"}],"replies":[{"embeddable":true,"href":"https:\/\/www.secondhandchild.ch\/wordpress\/index.php?rest_route=%2Fwp%2Fv2%2Fcomments&post=12"}],"version-history":[{"count":28,"href":"https:\/\/www.secondhandchild.ch\/wordpress\/index.php?rest_route=\/wp\/v2\/pages\/12\/revisions"}],"predecessor-version":[{"id":859,"href":"https:\/\/www.secondhandchild.ch\/wordpress\/index.php?rest_route=\/wp\/v2\/pages\/12\/revisions\/859"}],"wp:attachment":[{"href":"https:\/\/www.secondhandchild.ch\/wordpress\/index.php?rest_route=%2Fwp%2Fv2%2Fmedia&parent=12"}],"curies":[{"name":"wp","href":"https:\/\/api.w.org\/{rel}","templated":true}]}}