{"id":199,"date":"2011-02-17T12:32:01","date_gmt":"2011-02-17T12:32:01","guid":{"rendered":"http:\/\/www.secondhandchild.ch\/wordpress\/?page_id=199"},"modified":"2018-05-26T17:11:08","modified_gmt":"2018-05-26T17:11:08","slug":"links-2","status":"publish","type":"page","link":"https:\/\/www.secondhandchild.ch\/wordpress\/?page_id=199","title":{"rendered":"Links"},"content":{"rendered":"<p><strong>ShC around the WWW<\/strong><br \/>\n<a href=\"http:\/\/www.facebook.com\/pages\/Secondhand-Child\/145537114076\" target=0>ShC @ Facebook<\/a><br \/>\n<a href=\"http:\/\/www.myspace.com\/secondhandchild0\" target=0>ShC @ MySpace<\/a><br \/>\n<a href=\"http:\/\/www.mx3.ch\/artist\/secondhandchild\" target=0>ShC @ MX3<\/a><br \/>\n<a href=\"http:\/\/secondhand-child.restorm.com\" target=0>ShC @ Restorm<\/a><br \/>\n<a href=\"http:\/\/www.youtube.com\/user\/SecondhandChild\" target=0>ShC @ YouTube<\/a><\/p>\n<p><strong>Media Partners<\/strong><br \/>\n<a href=\"http:\/\/www.sissicore.ch\" target=0>sissicore<\/a><br \/>\n<a href=\"http:\/\/www.sounds2move.de\" target=0>sounds2move<\/a><br \/>\n<a href=\"http:\/\/www.filmmagazin.groarr.ch\" target=0>Groarr<\/a><br \/>\n<a href=\"http:\/\/www.medazzarock.ch\/medneu.php\" target=0>medazzarock<\/a><br \/>\n<a href=\"http:\/\/www.wicked-vision.com\" target=0>Wicked Vision<\/a><br \/>\n<a href=\"http:\/\/www.stormbringer.at\" target=0>stormbringer<\/a><br \/>\n<a href=\"http:\/\/www.horrorpilot.com\" target=0>horrorpilot.com<\/a><\/p>\n<p><strong>Bands<\/strong><br \/>\n<a href=\"http:\/\/www.23evil.net\" target=0>23rd Grade Of Evil<\/a><br \/>\n<a href=\"http:\/\/www.bitchqueens.com\" target=0>Bitch Queens<\/a><br \/>\n<a href=\"http:\/\/www.gurd.net\" target=0>gurD<\/a><br \/>\n<a href=\"http:\/\/www.hellvetica.ch\" target=0>Hellvetica<\/a><br \/>\n<a href=\"http:\/\/www.minsk-security.ch\" target=0>Minsk Security<\/a><br \/>\n<a href=\"http:\/\/mopedcityrock.ch\" target=0>Moped Lads<\/a><br \/>\n<a href=\"http:\/\/www.pigskin.ch\" target=0>Pigskin<\/a><br \/>\n<a href=\"http:\/\/www.pureinc.net\" target=0>Pure Inc.<\/a><\/p>\n<p><strong>Stages<\/strong><br \/>\n<a href=\"http:\/\/www.biomillaufen.ch\" target=0>Biomill Laufen<\/a><br \/>\n<a href=\"http:\/\/www.kuppel.ch\" target=0>Die Kuppel<\/a><br \/>\n<a href=\"http:\/\/www.galery.ch\" target=0>Galery<\/a><br \/>\n<a href=\"http:\/\/www.jaegerhalle.ch\" target=0>J\u00e4gerhalle<\/a><br \/>\n<a href=\"http:\/\/www.kaserne-basel.ch\" target=0>Kaserne Basel<\/a><br \/>\n<a href=\"http:\/\/www.hirscheneck.ch\" target=0>Kulturkollektiv Hirscheneck<\/a><br \/>\n<a href=\"http:\/\/www.modus-liestal.ch\" target=0>Modus<\/a><br \/>\n<a href=\"http:\/\/www.sommercasino.ch\" target=0>Sommercasino<\/a><br \/>\n<a href=\"http:\/\/www.sudhaus.ch\" target=0>Sudhaus Warteck<\/a><br \/>\n<a href=\"http:\/\/www.volkshaus-basel.ch\" target=0>Volkshaus<\/a><br \/>\n<a href=\"http:\/\/www.z-7.ch\" target=0>Konzertfabrik Z7<\/a><br \/>\n<a href=\"http:\/\/www.rockfact.ch\" target=0>Rockfact<\/a><\/p>\n<p><strong>Studio<\/strong><br \/>\n<a href=\"http:\/\/www.littlecreek.ch\/english\" target=0>Little Creek Studio<\/a><\/p>\n<p><strong>Cool Stuff<\/strong><br \/>\n<a href=\"http:\/\/www.jkf.ch\/news\/aktuell\/news.html\" target=0>JKF &#8211; Jugendkulturfestival Basel<\/a><br \/>\n<a href=\"http:\/\/www.moviecops.ch\" target=0>MovieCops.ch<\/a><\/p>\n<p>&#8212;more to come&#8212;<\/p>\n","protected":false},"excerpt":{"rendered":"<p>ShC around the WWW ShC @ Facebook ShC @ MySpace ShC @ MX3 ShC @ Restorm ShC @ YouTube Media Partners sissicore sounds2move Groarr medazzarock Wicked Vision stormbringer horrorpilot.com Bands 23rd Grade Of Evil Bitch Queens gurD Hellvetica Minsk Security &hellip; <a href=\"https:\/\/www.secondhandchild.ch\/wordpress\/?page_id=199\">Continue reading <span class=\"meta-nav\">&rarr;<\/span><\/a><\/p>\n","protected":false},"author":1,"featured_media":0,"parent":758,"menu_order":3,"comment_status":"closed","ping_status":"open","template":"","meta":{"jetpack_post_was_ever_published":false,"footnotes":""},"class_list":["post-199","page","type-page","status-publish","hentry"],"jetpack_sharing_enabled":true,"jetpack_shortlink":"https:\/\/wp.me\/P73Hwi-3d","jetpack-related-posts":[{"id":37,"url":"https:\/\/www.secondhandchild.ch\/wordpress\/?page_id=37","url_meta":{"origin":199,"position":0},"title":"Links","author":"K","date":"02\/09\/2010","format":false,"excerpt":"ShC around the WWW ShC @ Facebook ShC @ MX3 ShC @ Restorm ShC @ YouTube Medienpartner sissicore sounds2move Groarr medazzarock Wicked Vision stormbringer horrorpilot.com Bands 23rd Grade Of Evil Bitch Queens gurD Hellvetica Minsk Security Moped Lads Pigskin Pure Inc. Stages Biomill Laufen Die Kuppel Galery J\u00e4gerhalle Kaserne Basel\u2026","rel":"","context":"Similar post","block_context":{"text":"Similar post","link":""},"img":{"alt_text":"","src":"","width":0,"height":0},"classes":[]},{"id":2,"url":"https:\/\/www.secondhandchild.ch\/wordpress\/?page_id=2","url_meta":{"origin":199,"position":1},"title":"Biographie","author":"K","date":"18\/06\/2010","format":false,"excerpt":"Vor vielen Tagen und langen N\u00e4chten, beschlossen f\u00fcnf lustige Freunde der lauten Musik eine Band zu gr\u00fcnden. Und wenn man so etwas schon mal beschliesst, dann macht man das halt auch... Der Musikstil stand auf Anhieb fest, und man entschloss sich umgehend dazu das Publikum mittels einer Mischung aus H\u00e4rte\u2026","rel":"","context":"Similar post","block_context":{"text":"Similar post","link":""},"img":{"alt_text":"","src":"","width":0,"height":0},"classes":[]},{"id":190,"url":"https:\/\/www.secondhandchild.ch\/wordpress\/?page_id=190","url_meta":{"origin":199,"position":2},"title":"Biography","author":"K","date":"17\/02\/2011","format":false,"excerpt":"After a few fun-packed years of playing punk-rock, going through a band name change and finally finding a long sought after second guitarist, ShC was born in late 2005. This new entity is comprised of K (vocals), Tillian (guitar), Jo (guitar), Marc (bass) and Philipp (drums): five of the coolest\u2026","rel":"","context":"Similar post","block_context":{"text":"Similar post","link":""},"img":{"alt_text":"","src":"","width":0,"height":0},"classes":[]},{"id":758,"url":"https:\/\/www.secondhandchild.ch\/wordpress\/?page_id=758","url_meta":{"origin":199,"position":3},"title":"English Content","author":"K","date":"26\/05\/2018","format":false,"excerpt":"- Biography - \"Chapter One\" - Lyrics - ShC LIVE! - Links - Disclaimer - Privacy Policy","rel":"","context":"Similar post","block_context":{"text":"Similar post","link":""},"img":{"alt_text":"","src":"","width":0,"height":0},"classes":[]},{"id":57,"url":"https:\/\/www.secondhandchild.ch\/wordpress\/?page_id=57","url_meta":{"origin":199,"position":4},"title":"ShC LIVE!","author":"K","date":"02\/09\/2010","format":false,"excerpt":"Weitere Daten folgen nicht mehr... ---LIVE ARCHIVE (since HP-Relaunch)--- 2012 Samstag, 8. September 2012 - Privater \"Hochzeit-Gig\" (Dornach) Samstag, 7. Juli 2012 - Affenarschfest (Aarau) Samstag, 16. Juni 2012 - Maniac MC Basel-Jubil\u00e4um mit Fire Rose (Muttenz) Montag, 28. Mai 2012 - \"Geschlossene Gesellschaft\"-Minigig Samstag, 3. M\u00e4rz 2012 - \"Rock\u2026","rel":"","context":"Similar post","block_context":{"text":"Similar post","link":""},"img":{"alt_text":"","src":"","width":0,"height":0},"classes":[]},{"id":197,"url":"https:\/\/www.secondhandchild.ch\/wordpress\/?page_id=197","url_meta":{"origin":199,"position":5},"title":"ShC LIVE!","author":"K","date":"17\/02\/2011","format":false,"excerpt":"No more dates coming...ever... ---LIVE ARCHIVE (since HP-Relaunch)--- 2012 Saturday, September 8th 2012 - Private Wedding-Gig (Dornach) Saturday, July 7th 2012 - Affenarschfest [Ape-Ass-Party] (Aarau) Saturday, June 16th 2012 - Maniac MC Basel-Anniversary with Fire Rose (Muttenz) Monday, May 28th 2012 - \"Private Party\"-Minigig Saturday, March 3rd 2012 - \"Rock\u2026","rel":"","context":"Similar post","block_context":{"text":"Similar post","link":""},"img":{"alt_text":"","src":"","width":0,"height":0},"classes":[]}],"_links":{"self":[{"href":"https:\/\/www.secondhandchild.ch\/wordpress\/index.php?rest_route=\/wp\/v2\/pages\/199","targetHints":{"allow":["GET"]}}],"collection":[{"href":"https:\/\/www.secondhandchild.ch\/wordpress\/index.php?rest_route=\/wp\/v2\/pages"}],"about":[{"href":"https:\/\/www.secondhandchild.ch\/wordpress\/index.php?rest_route=\/wp\/v2\/types\/page"}],"author":[{"embeddable":true,"href":"https:\/\/www.secondhandchild.ch\/wordpress\/index.php?rest_route=\/wp\/v2\/users\/1"}],"replies":[{"embeddable":true,"href":"https:\/\/www.secondhandchild.ch\/wordpress\/index.php?rest_route=%2Fwp%2Fv2%2Fcomments&post=199"}],"version-history":[{"count":7,"href":"https:\/\/www.secondhandchild.ch\/wordpress\/index.php?rest_route=\/wp\/v2\/pages\/199\/revisions"}],"predecessor-version":[{"id":763,"href":"https:\/\/www.secondhandchild.ch\/wordpress\/index.php?rest_route=\/wp\/v2\/pages\/199\/revisions\/763"}],"up":[{"embeddable":true,"href":"https:\/\/www.secondhandchild.ch\/wordpress\/index.php?rest_route=\/wp\/v2\/pages\/758"}],"wp:attachment":[{"href":"https:\/\/www.secondhandchild.ch\/wordpress\/index.php?rest_route=%2Fwp%2Fv2%2Fmedia&parent=199"}],"curies":[{"name":"wp","href":"https:\/\/api.w.org\/{rel}","templated":true}]}}