{"id":2,"date":"2010-06-18T20:51:35","date_gmt":"2010-06-18T20:51:35","guid":{"rendered":"http:\/\/www.secondhandchild.ch\/wordpress\/?page_id=2"},"modified":"2011-10-12T08:58:20","modified_gmt":"2011-10-12T08:58:20","slug":"about","status":"publish","type":"page","link":"https:\/\/www.secondhandchild.ch\/wordpress\/?page_id=2","title":{"rendered":"Biographie"},"content":{"rendered":"<p>Vor vielen Tagen und langen N\u00e4chten, beschlossen f\u00fcnf lustige Freunde der lauten Musik eine Band zu gr\u00fcnden. Und wenn man so etwas schon mal beschliesst, dann macht man das halt auch&#8230;<\/p>\n<p>Der Musikstil stand auf Anhieb fest, und man entschloss sich umgehend dazu das Publikum mittels einer Mischung aus H\u00e4rte und eing\u00e4ngigen Melodien in motorische Ekstase (= Pogo, Stagedive, etc.) zu versetzen. Mit diesem ambitionierten Ziel vor Augen wurde \u00fcber Umwege etwas sp\u00e4ter der passende Bandname gefunden, welcher nahezu perfekt zum wilden und schwer kontrollierbaren Sound (einem Mix aus diversen Rock- und Metal-Elementen mit Anleihen aus dem Hardcore- und Punk-Bereich)\u00a0der Band passte:<\/p>\n<p><strong>&#8220;SECONDHAND CHILD&#8221;<\/strong> (kurz <strong>&#8220;ShC&#8221;<\/strong>) waren geboren!<\/p>\n<p>Gleich zu Beginn machte man sich also daran, der globalen Rockwelt was auf die Ohren zu geben und dabei stets den Spass in den Vordergrund zu stellen. Aber auch diesem Grundsatz folgend sollte die Musik nicht ohne Sinn und Verstand das Licht der tr\u00fcben Welt erhellen, sondern immer wieder auch mal die Gelegenheit bieten, einen schweisstreibenden und wohltuenden Frustabbau zu erleben.<\/p>\n<p>Geplant &#8211; getan, und so gab es sehr bald die ersten Auftrittsm\u00f6glichkeiten, worauf viele Weitere folgten und noch mehr folgen werden. Ein Ende ist nicht in Sicht, und das ist auch gut so!<\/p>\n<p>Im Jahre der Quadratzahl von zwei im neuen Jahrtausend, wurde die erste Demo-CD mit dem treffsicheren Titel <strong>&#8220;Security Warning&#8221;<\/strong> auf die Menschheit losgelassen. Die damaligen Aufnahmen fanden im <strong>&#8220;Littlecreek Studio&#8221;<\/strong> in Gelterkinden (CH) statt. Als Verantwortliche f\u00fcr Recording, Ton, Mix und Mastering gingen dabei die Studio-Betreiber V.O. Pulver und Franky Winkelmann der &#8220;<em>hell<\/em>vetischen&#8221; Metalcore-Band &#8220;gurD&#8221; in die Geschichte von <strong>&#8220;ShC&#8221;<\/strong> ein und bet\u00e4tigten sich gleichzeitig als Produzenten dieser kleinen aber feinen Drei-Songs-Scheibe.<\/p>\n<p>Nach mehreren Teilerfolgen an verschiedenen Multi-Band-Konzerten von wettbewerbs-m\u00e4ssiger Natur und der grossen Ehre am Abschiedskonzert der eidgen\u00f6ssischen Metal-Combo <strong>&#8220;Pornchild&#8221;<\/strong> als einziger Support auftreten zu d\u00fcrfen, wurde es absichtlich und nicht ohne Grund etwas ruhiger um <strong>&#8220;ShC&#8221;<\/strong>:<\/p>\n<p>Die Vorbereitungen zum geplanten ersten Longplayer wurden in Angriff genommen, bevor man im Sommer des sexuell unspektakul\u00e4ren Jahres &#8220;06&#8221; &#8211; frei nach dem Motto &#8220;Never change a winning team!&#8221; &#8211; wieder den Weg ins &#8220;Littlecreek Studio&#8221; antrat, um zehn zum Teil mehr, zum Teil weniger neue Songs aufzunehmen.<\/p>\n<p>Der daraus resultierende Silberling wurde schnell gr\u00f6sser, lernte bald auf eigenen Beinen zu stehen und h\u00f6rt auf den Namen <strong>&#8220;What Do You Live For?&#8221;<\/strong> Wieder durften die f\u00fcnf Bengel aus zweiter Hand auf \u00a0die tatkr\u00e4ftige Unterst\u00fctzung der beiden <strong>&#8220;gurD&#8221;<\/strong>-Masterminds z\u00e4hlen und erntete im Nachhinein dank dieser sehr intensiven und angenehmen Zusammenarbeit in diversen Magazinen und Webzines zum Teil \u00fcberschw\u00e4ngliches Lob. Dies lag neben der aufgenommenen Musik auch nicht zuletzt an den Betreibern des Labels &#8220;Quam Libet Records&#8221;, welches sich sofort und ohne zu z\u00f6gern den f\u00fcnf Pseudo-Waisen annahm und daf\u00fcr sorgte, dass Freunde der rockigen Unterhaltung den Weg zum Erwerb dieses Deb\u00fct-Albums auch finden w\u00fcrden.<\/p>\n<p>Schlussendlich lernte man an einem Konzert im Fr\u00fchjahr des James-Bond-Jahres &#8220;(0)07&#8221; einen gewissen Nando Rohner kennen, welcher sich ab Mitte des Jahres in allen Belangen um das Wohlbefinden und das Weiterkommen von <strong>&#8220;ShC&#8221;<\/strong> k\u00fcmmerte.<\/p>\n<p>Dank dieser gl\u00fccklichen F\u00fcgung sieht die Zukunft der Welt des Rocks wieder mal etwas rosiger aus, und man kann sich jetzt schon sicher sein, dass &#8211; egal ob von Erfolg gekr\u00f6nt oder nicht &#8211; <strong>&#8220;ShC&#8221;<\/strong> unbeirrbar weiter auf den Pfaden der lustigen Provokation im Sinne guter Parties marschieren werden.<\/p>\n<p>So weit, das <em>Altbekannte<\/em>&#8230;<\/p>\n<p>Danach gab es allerdings nicht nur eine weltweite Finanzkrise, sondern auch ein grosses neues Problem f\u00fcr <strong>&#8220;ShC&#8221;<\/strong>: Philipp bildete sich zwischen Sommer 2008 und Sommer 2010 beruflich erfolgreich weiter, dies jedoch nicht in unserer Heimatstadt. Deswegen wurde es ruhig um die Band&#8230;<strong>zu<\/strong> ruhig! Es wurden zwar immer wieder vereinzelte Konzerte gespielt, aber von einer gewissen <em>Regelm\u00e4ssigkeit<\/em> konnte leider keine Rede sein.<\/p>\n<p>Nun ist diese Phase aber vorbei, und <strong>&#8220;ShC&#8221;<\/strong> befinden sich wieder mitten im Songwriting und diverse konzerte sind sogar noch f\u00fcr diesen Herbst geplant. Dazu wurde die Homepage als Blog neu konzipiert, der Bandname wurde offiziell auf <strong>ShC<\/strong> abgek\u00fcrzt und als Dankesch\u00f6n an alle Fans, welche die Band nicht vergessen haben, wurde eine <em>Download-EP<\/em> mit dem Titel <strong>&#8220;We&#8217;ve Never Been Here&#8230;&#8221;<\/strong> im Blog integriert.<\/p>\n<p>Wir w\u00fcnschen Euch ab sofort viel Spass und Nackenschmerzen mit <strong>ShC<\/strong>! \ud83d\ude42<\/p>\n<p><strong>K<\/strong> (vocals), <strong>Stevie Boy<\/strong> (vocals), <strong>Thrillian<\/strong> (guitar), <strong>JoLion<\/strong> (guitar), <strong>Pasci<\/strong> (bass), <strong>TBD<\/strong> (drums)<\/p>\n","protected":false},"excerpt":{"rendered":"<p>Vor vielen Tagen und langen N\u00e4chten, beschlossen f\u00fcnf lustige Freunde der lauten Musik eine Band zu gr\u00fcnden. Und wenn man so etwas schon mal beschliesst, dann macht man das halt auch&#8230; Der Musikstil stand auf Anhieb fest, und man entschloss &hellip; <a href=\"https:\/\/www.secondhandchild.ch\/wordpress\/?page_id=2\">Continue reading <span class=\"meta-nav\">&rarr;<\/span><\/a><\/p>\n","protected":false},"author":1,"featured_media":0,"parent":0,"menu_order":1,"comment_status":"closed","ping_status":"open","template":"","meta":{"footnotes":""},"class_list":["post-2","page","type-page","status-publish","hentry"],"jetpack_sharing_enabled":true,"jetpack_shortlink":"https:\/\/wp.me\/P73Hwi-2","jetpack-related-posts":[{"id":775,"url":"https:\/\/www.secondhandchild.ch\/wordpress\/?page_id=775","url_meta":{"origin":2,"position":0},"title":"Datenschutzerkl\u00e4rung","author":"K","date":"26\/05\/2018","format":false,"excerpt":"Wer wir sind Unsere Webadresse lautet: http:\/\/www.secondhandchild.ch\/wordpress Diese Webseite ist ein Non-Profit Informationsportal der Band Secondhand Child (ShC). Man findet hier Informationen zum Schaffen der Band und deren Ver\u00f6ffentlichungen (Alben und Videos) und Auftritte. Wir nehmen den Schutz personenbezogener Daten sehr ernst. Secondhandchild.ch verarbeitet personenbezogene Daten nur, sofern das Gesetz\u2026","rel":"","context":"Similar post","block_context":{"text":"Similar post","link":""},"img":{"alt_text":"","src":"","width":0,"height":0},"classes":[]},{"id":777,"url":"https:\/\/www.secondhandchild.ch\/wordpress\/?page_id=777","url_meta":{"origin":2,"position":1},"title":"Privacy Policy","author":"K","date":"26\/05\/2018","format":false,"excerpt":"Well...sorry folks, but we won't translate this part! It just explains, in accordance with the EU GDPR, what data is collected by this page, how it is treated and what the rights of visitors of this page are (i.e. request information regarding personal data and\/or request deletion of said data).\u2026","rel":"","context":"Similar post","block_context":{"text":"Similar post","link":""},"img":{"alt_text":"","src":"","width":0,"height":0},"classes":[]},{"id":86,"url":"https:\/\/www.secondhandchild.ch\/wordpress\/?page_id=86","url_meta":{"origin":2,"position":2},"title":"Haftungsausschluss","author":"K","date":"15\/09\/2010","format":false,"excerpt":"1. Inhalt des Onlineangebotes Der Autor \u00fcbernimmt keinerlei Gew\u00e4hr f\u00fcr die Aktualit\u00e4t, Korrektheit, Vollst\u00e4ndigkeit oder Qualit\u00e4t der bereitgestellten Informationen. Haftungsanspr\u00fcche gegen den Autor, welche sich auf Sch\u00e4den materieller oder ideeller Art beziehen, die durch die Nutzung oder Nichtnutzung der dargebotenen Informationen bzw. durch die Nutzung fehlerhafter und unvollst\u00e4ndiger Informationen verursacht\u2026","rel":"","context":"Similar post","block_context":{"text":"Similar post","link":""},"img":{"alt_text":"","src":"","width":0,"height":0},"classes":[]},{"id":203,"url":"https:\/\/www.secondhandchild.ch\/wordpress\/?page_id=203","url_meta":{"origin":2,"position":3},"title":"Disclaimer","author":"K","date":"17\/02\/2011","format":false,"excerpt":"Well...sorry folks, but we won't translate this part! It just says, that all of our content belongs to us, and that we're not responsible for the content of linked pages...yadda-yadda-yadda... ;) 1. Inhalt des Onlineangebotes Der Autor \u00fcbernimmt keinerlei Gew\u00e4hr f\u00fcr die Aktualit\u00e4t, Korrektheit, Vollst\u00e4ndigkeit oder Qualit\u00e4t der bereitgestellten Informationen.\u2026","rel":"","context":"Similar post","block_context":{"text":"Similar post","link":""},"img":{"alt_text":"","src":"","width":0,"height":0},"classes":[]},{"id":779,"url":"https:\/\/www.secondhandchild.ch\/wordpress\/?page_id=779","url_meta":{"origin":2,"position":4},"title":"Impressum","author":"K","date":"26\/05\/2018","format":false,"excerpt":"Seitenbetreiber\/Inhaber: Kurt Meinicke Verantwortliche f\u00fcr den Seiteninhalt: ShC (i.e. alle ehemaligen Band-Mitglieder) Weitere Informationen sowie Kontaktdaten k\u00f6nnen mit entsprechender Begr\u00fcndung per E-mail angefordert werden: kurt@secondhandchild.ch Wie wir mit erhaltenen Nachrichten und den darin enthaltenen Daten umgehen kann man in unserer Datenschutzerkl\u00e4rung (im Abschnitt \"Kontaktaufnahme\") nachlesen.","rel":"","context":"Similar post","block_context":{"text":"Similar post","link":""},"img":{"alt_text":"","src":"","width":0,"height":0},"classes":[]},{"id":479,"url":"https:\/\/www.secondhandchild.ch\/wordpress\/?page_id=479","url_meta":{"origin":2,"position":5},"title":"&#8220;Chapter One&#8221; &#8211; Lyrics","author":"K","date":"30\/10\/2011","format":false,"excerpt":"Hier findet ihr alle Texte - ausnahmslos von K und\/oder Stevie Boy geschrieben - von \"Chapter One: Spontaneous Human Combustion\" in der Reihenfolge der Tracklist. Viel Spass beim Mitschreien! ;) *** Tribute To The Day We Were Born Being best friends with dictators Knowing when one takes a crap Being\u2026","rel":"","context":"Similar post","block_context":{"text":"Similar post","link":""},"img":{"alt_text":"","src":"","width":0,"height":0},"classes":[]}],"_links":{"self":[{"href":"https:\/\/www.secondhandchild.ch\/wordpress\/index.php?rest_route=\/wp\/v2\/pages\/2","targetHints":{"allow":["GET"]}}],"collection":[{"href":"https:\/\/www.secondhandchild.ch\/wordpress\/index.php?rest_route=\/wp\/v2\/pages"}],"about":[{"href":"https:\/\/www.secondhandchild.ch\/wordpress\/index.php?rest_route=\/wp\/v2\/types\/page"}],"author":[{"embeddable":true,"href":"https:\/\/www.secondhandchild.ch\/wordpress\/index.php?rest_route=\/wp\/v2\/users\/1"}],"replies":[{"embeddable":true,"href":"https:\/\/www.secondhandchild.ch\/wordpress\/index.php?rest_route=%2Fwp%2Fv2%2Fcomments&post=2"}],"version-history":[{"count":12,"href":"https:\/\/www.secondhandchild.ch\/wordpress\/index.php?rest_route=\/wp\/v2\/pages\/2\/revisions"}],"predecessor-version":[{"id":477,"href":"https:\/\/www.secondhandchild.ch\/wordpress\/index.php?rest_route=\/wp\/v2\/pages\/2\/revisions\/477"}],"wp:attachment":[{"href":"https:\/\/www.secondhandchild.ch\/wordpress\/index.php?rest_route=%2Fwp%2Fv2%2Fmedia&parent=2"}],"curies":[{"name":"wp","href":"https:\/\/api.w.org\/{rel}","templated":true}]}}