{"id":57,"date":"2010-09-02T16:46:07","date_gmt":"2010-09-02T16:46:07","guid":{"rendered":"http:\/\/www.secondhandchild.ch\/wordpress\/?page_id=57"},"modified":"2012-09-15T09:43:48","modified_gmt":"2012-09-15T09:43:48","slug":"shc-live","status":"publish","type":"page","link":"https:\/\/www.secondhandchild.ch\/wordpress\/?page_id=57","title":{"rendered":"ShC LIVE!"},"content":{"rendered":"<p>Weitere Daten folgen nicht mehr&#8230;<\/p>\n<p>&#8212;LIVE ARCHIVE (since HP-Relaunch)&#8212;<\/p>\n<p><strong>2012<\/strong><\/p>\n<p>Samstag, 8. September 2012 &#8211; Privater &#8220;Hochzeit-Gig&#8221; (Dornach)<br \/>\nSamstag, 7. Juli 2012 &#8211; Affenarschfest (Aarau)<br \/>\nSamstag, 16. Juni 2012 &#8211; <a href=\"http:\/\/www.mc-maniacs-bs.ch\/pages\/indexbpag.html\" title=\"Maniac MC Basel\" target=\"_blank\">Maniac MC Basel<\/a>-Jubil\u00e4um mit <a href=\"http:\/\/www.firerose.ch\/\" title=\"Fire Rose\" target=\"_blank\">Fire Rose<\/a> (Muttenz)<br \/>\nMontag, 28. Mai 2012 &#8211; &#8220;Geschlossene Gesellschaft&#8221;-Minigig<br \/>\nSamstag, 3. M\u00e4rz 2012 &#8211; <a href=\"http:\/\/rocktheteens.com\/2012\/02\/die-bands-des-ersten-rock-the-teens-showcase-stehen-fest\/\" target=0><strong>&#8220;Rock the Teens&#8221; Showcase<\/strong><\/a> @ Jugendtreff Metro (Wiesendangen)<br \/>\nSamstag, 21. Januar 2012 &#8211; mit H\u00e5n @ <a href=\"http:\/\/www.sissys-place.ch\" target=0><strong>Sissy&#8217;s Place<\/strong><\/a> (Birsfelden)<\/p>\n<p><strong>2011<\/strong><\/p>\n<p>Samstag, 19. November 2011 &#8211; mit <a href=\"http:\/\/www.frozenroom.ch\" target=0>Frozenroom<\/a> @ <a href=\"http:\/\/www.redrocks-basel.ch\" target=0>RedRocks<\/a> (Basel) = <strong>PLATTENTAUFE !!!<\/strong><br \/>\nSamstag, 22. Oktober 2011 &#8211; mit <a href=\"http:\/\/www.gurd.net\" target=0>gurD<\/a> (BS) @ <a href=\"http:\/\/www.hirscheneck.ch\" target=0>Hirscheneck<\/a> (Basel)<br \/>\nSamstag, 15. Oktober 2011 &#8211; mit <a href=\"http:\/\/www.blackswanevent.ch\" target=0>Black Swan Event<\/a> (BS) @ <a href=\"http:\/\/www.rockfact.ch\" target=0>Rockfact<\/a> (M\u00fcnchenstein)<br \/>\nSamstag, 28. Mai 2011 &#8211; mit <a href=\"http:\/\/www.nomute.ch\" target=0>No Mute<\/a> (SO) &#038; <a href=\"http:\/\/www.myspace.com\/dongattohc\" target=0>Don Gatto<\/a> (H) @ <a href=\"http:\/\/www.boxdavos.ch\" target=0>Box<\/a> (Davos)<br \/>\nDonnerstag, 26. Mai 2011 &#8211; mit <a href=\"http:\/\/www.nomute.ch\" target=0>No Mute<\/a> (SO) &#038; <a href=\"http:\/\/www.myspace.com\/dongattohc\" target=0>Don Gatto<\/a> (H) @ <a href=\"http:\/\/rosenau.no-ip.org\/\" target=0>Villa Rosenau<\/a> (Basel)<br \/>\nSamstag, 12. Februar 2011 &#8211; United Metal Forces Part 3 &#8211; <a href=\"http:\/\/www.merkker.ch\" target=0>Merkker Kulturlokal<\/a> (Baden)<br \/>\nSamstag, 22. Januar 2011 &#8211; United Metal Forces Part 2 &#8211; <a href=\"http:\/\/www.jaegerhalle.ch\" target=0>J\u00e4gerhalle<\/a> (Basel)<\/p>\n<p><strong>2010<\/strong><\/p>\n<p>Freitag, 31. Dezember 2010 &#8211; &#8220;Sylvester-Metal&#8221; mit <a href=\"http:\/\/www.minsk-security.ch\/ROI\/roi.php\" target=0>Minsk Security<\/a> im <a href=\"http:\/\/www.rock-city.ch\/html\/cms\/?id=1\" target=0>Rock City<\/a>, Uster<br \/>\nFreitag, 26. November 2010 &#8211; United Metal Forces Part 1 &#8211; <a href=\"http:\/\/www.sedel.ch\" target=0>Sedel The Club<\/a> (Luzern)<\/p>\n<p>&#8212;LIVE ARCHIVE (the old era)&#8212;<\/p>\n<p>26.06.2010 &#8211; Event Stage \/ Zizers<br \/>\n26.06.2010 &#8211; HillChill \/ Riehen<\/p>\n<p><strong>2009<\/strong><\/p>\n<p>14.08.2009 &#8211; Biomill \/ Laufen<br \/>\n10.04.2009 &#8211; Lokomotiv Festival \/ M\u00e9zi\u00e8res<\/p>\n<p><strong>2008<\/strong><\/p>\n<p>29.08.2008 &#8211; Ripped Corpse Festival \/ Grenchen<br \/>\n10.05.2008 &#8211; Wenk \/ Aarau<br \/>\n29.03.2008 &#8211; Sommercasino \/ Basel (BScene)<br \/>\n23.02.2008 &#8211; Tibi&#8217;s Downstairs \/ Worblaufen<\/p>\n<p><strong>2007<\/strong><\/p>\n<p>07.12.2007 &#8211; Wenk \/ Aarau<br \/>\n23.11.2007 &#8211; Sommercasino \/ Basel<br \/>\n26.09.2007 &#8211; Raumstation Sternen \/ Auggen DE<br \/>\n02.06.2007 &#8211; Wenk \/ Aarau<br \/>\n04.05.2007 &#8211; Dynamo &#8220;Werk 21&#8221; \/ Z\u00fcrich<br \/>\n28.04.2007 &#8211; Z7 \/ Pratteln<br \/>\n22.01.2007 &#8211; Restaurant Hirscheneck \/ Basel<\/p>\n<p><strong>2006<\/strong><\/p>\n<p>27.10.2006 &#8211; Sommercasino Basel \/ Basel (CD-Release)<br \/>\n08.04.2006 &#8211; Restaurant Hirscheneck \/ Basel<br \/>\n11.03.2006 &#8211; Raumstation Sternen \/ Auggen DE<br \/>\n11.02.2006 &#8211; Modus \/ Liestal<br \/>\n04.02.2006 &#8211; KiK \/ Sissach<br \/>\n02.02.2006 &#8211; Modus \/ Liestal<br \/>\n22.01.2006 &#8211; Galery \/ Pratteln<\/p>\n<p><strong>2005<\/strong><\/p>\n<p>30.09.2005 &#8211; Restaurant Hirscheneck \/ Basel<br \/>\n28.09.2005 &#8211; Club &#8220;m54&#8221; \/ Basel<br \/>\n22.01.2005 &#8211; Sommercasino \/ Basel<\/p>\n<p><strong>2004<\/strong><\/p>\n<p>31.12.2004 &#8211; Club &#8220;m54&#8221; \/ Basel<br \/>\n07.12.2004 &#8211; Restaurant Hirscheneck \/ Basel<br \/>\n18.09.2004 &#8211; 85 Volt Bar \/ Basel<br \/>\n07.08.2004 &#8211; Jugi Gundeli \/ Basel<br \/>\n06.03.2004 &#8211; Kaserne \/ Basel<br \/>\n02.02.2004 &#8211; Modus \/ Liestal<\/p>\n<p><strong>2003<\/strong><\/p>\n<p>31.12.2003 &#8211; Club &#8220;m54&#8221; \/ Basel<br \/>\n13.12.2003 &#8211; Restaurant Balance \/ Laufen<br \/>\n07.11.2003 &#8211; Hotelfachschule \/ Passugg<br \/>\n01.11.2003 &#8211; Jugi \/ M\u00fcnchenstein<br \/>\n18.06.2003 &#8211; Sommercasino \/ Basel<br \/>\n04.06.2003 &#8211; Sommercasino \/ Basel<br \/>\n24.05.2003 &#8211; Minerva \/ Basel<\/p>\n<p><strong>2002<\/strong><\/p>\n<p>14.09.2002 &#8211; Gymnasium B\u00e4umlihof \/ Basel<\/p>\n","protected":false},"excerpt":{"rendered":"<p>Weitere Daten folgen nicht mehr&#8230; &#8212;LIVE ARCHIVE (since HP-Relaunch)&#8212; 2012 Samstag, 8. September 2012 &#8211; Privater &#8220;Hochzeit-Gig&#8221; (Dornach) Samstag, 7. Juli 2012 &#8211; Affenarschfest (Aarau) Samstag, 16. Juni 2012 &#8211; Maniac MC Basel-Jubil\u00e4um mit Fire Rose (Muttenz) Montag, 28. Mai &hellip; <a href=\"https:\/\/www.secondhandchild.ch\/wordpress\/?page_id=57\">Continue reading <span class=\"meta-nav\">&rarr;<\/span><\/a><\/p>\n","protected":false},"author":1,"featured_media":0,"parent":0,"menu_order":3,"comment_status":"closed","ping_status":"open","template":"","meta":{"jetpack_post_was_ever_published":false,"footnotes":""},"class_list":["post-57","page","type-page","status-publish","hentry"],"jetpack_sharing_enabled":true,"jetpack_shortlink":"https:\/\/wp.me\/P73Hwi-V","jetpack-related-posts":[{"id":197,"url":"https:\/\/www.secondhandchild.ch\/wordpress\/?page_id=197","url_meta":{"origin":57,"position":0},"title":"ShC LIVE!","author":"K","date":"17\/02\/2011","format":false,"excerpt":"No more dates coming...ever... ---LIVE ARCHIVE (since HP-Relaunch)--- 2012 Saturday, September 8th 2012 - Private Wedding-Gig (Dornach) Saturday, July 7th 2012 - Affenarschfest [Ape-Ass-Party] (Aarau) Saturday, June 16th 2012 - Maniac MC Basel-Anniversary with Fire Rose (Muttenz) Monday, May 28th 2012 - \"Private Party\"-Minigig Saturday, March 3rd 2012 - \"Rock\u2026","rel":"","context":"Similar post","block_context":{"text":"Similar post","link":""},"img":{"alt_text":"","src":"","width":0,"height":0},"classes":[]},{"id":37,"url":"https:\/\/www.secondhandchild.ch\/wordpress\/?page_id=37","url_meta":{"origin":57,"position":1},"title":"Links","author":"K","date":"02\/09\/2010","format":false,"excerpt":"ShC around the WWW ShC @ Facebook ShC @ MX3 ShC @ Restorm ShC @ YouTube Medienpartner sissicore sounds2move Groarr medazzarock Wicked Vision stormbringer horrorpilot.com Bands 23rd Grade Of Evil Bitch Queens gurD Hellvetica Minsk Security Moped Lads Pigskin Pure Inc. Stages Biomill Laufen Die Kuppel Galery J\u00e4gerhalle Kaserne Basel\u2026","rel":"","context":"Similar post","block_context":{"text":"Similar post","link":""},"img":{"alt_text":"","src":"","width":0,"height":0},"classes":[]},{"id":199,"url":"https:\/\/www.secondhandchild.ch\/wordpress\/?page_id=199","url_meta":{"origin":57,"position":2},"title":"Links","author":"K","date":"17\/02\/2011","format":false,"excerpt":"ShC around the WWW ShC @ Facebook ShC @ MySpace ShC @ MX3 ShC @ Restorm ShC @ YouTube Media Partners sissicore sounds2move Groarr medazzarock Wicked Vision stormbringer horrorpilot.com Bands 23rd Grade Of Evil Bitch Queens gurD Hellvetica Minsk Security Moped Lads Pigskin Pure Inc. Stages Biomill Laufen Die Kuppel\u2026","rel":"","context":"Similar post","block_context":{"text":"Similar post","link":""},"img":{"alt_text":"","src":"","width":0,"height":0},"classes":[]},{"id":190,"url":"https:\/\/www.secondhandchild.ch\/wordpress\/?page_id=190","url_meta":{"origin":57,"position":3},"title":"Biography","author":"K","date":"17\/02\/2011","format":false,"excerpt":"After a few fun-packed years of playing punk-rock, going through a band name change and finally finding a long sought after second guitarist, ShC was born in late 2005. This new entity is comprised of K (vocals), Tillian (guitar), Jo (guitar), Marc (bass) and Philipp (drums): five of the coolest\u2026","rel":"","context":"Similar post","block_context":{"text":"Similar post","link":""},"img":{"alt_text":"","src":"","width":0,"height":0},"classes":[]},{"id":779,"url":"https:\/\/www.secondhandchild.ch\/wordpress\/?page_id=779","url_meta":{"origin":57,"position":4},"title":"Impressum","author":"K","date":"26\/05\/2018","format":false,"excerpt":"Seitenbetreiber\/Inhaber: Kurt Meinicke Verantwortliche f\u00fcr den Seiteninhalt: ShC (i.e. alle ehemaligen Band-Mitglieder) Weitere Informationen sowie Kontaktdaten k\u00f6nnen mit entsprechender Begr\u00fcndung per E-mail angefordert werden: kurt@secondhandchild.ch Wie wir mit erhaltenen Nachrichten und den darin enthaltenen Daten umgehen kann man in unserer Datenschutzerkl\u00e4rung (im Abschnitt \"Kontaktaufnahme\") nachlesen.","rel":"","context":"Similar post","block_context":{"text":"Similar post","link":""},"img":{"alt_text":"","src":"","width":0,"height":0},"classes":[]},{"id":775,"url":"https:\/\/www.secondhandchild.ch\/wordpress\/?page_id=775","url_meta":{"origin":57,"position":5},"title":"Datenschutzerkl\u00e4rung","author":"K","date":"26\/05\/2018","format":false,"excerpt":"Wer wir sind Unsere Webadresse lautet: http:\/\/www.secondhandchild.ch\/wordpress Diese Webseite ist ein Non-Profit Informationsportal der Band Secondhand Child (ShC). Man findet hier Informationen zum Schaffen der Band und deren Ver\u00f6ffentlichungen (Alben und Videos) und Auftritte. Wir nehmen den Schutz personenbezogener Daten sehr ernst. Secondhandchild.ch verarbeitet personenbezogene Daten nur, sofern das Gesetz\u2026","rel":"","context":"Similar post","block_context":{"text":"Similar post","link":""},"img":{"alt_text":"","src":"","width":0,"height":0},"classes":[]}],"_links":{"self":[{"href":"https:\/\/www.secondhandchild.ch\/wordpress\/index.php?rest_route=\/wp\/v2\/pages\/57","targetHints":{"allow":["GET"]}}],"collection":[{"href":"https:\/\/www.secondhandchild.ch\/wordpress\/index.php?rest_route=\/wp\/v2\/pages"}],"about":[{"href":"https:\/\/www.secondhandchild.ch\/wordpress\/index.php?rest_route=\/wp\/v2\/types\/page"}],"author":[{"embeddable":true,"href":"https:\/\/www.secondhandchild.ch\/wordpress\/index.php?rest_route=\/wp\/v2\/users\/1"}],"replies":[{"embeddable":true,"href":"https:\/\/www.secondhandchild.ch\/wordpress\/index.php?rest_route=%2Fwp%2Fv2%2Fcomments&post=57"}],"version-history":[{"count":48,"href":"https:\/\/www.secondhandchild.ch\/wordpress\/index.php?rest_route=\/wp\/v2\/pages\/57\/revisions"}],"predecessor-version":[{"id":683,"href":"https:\/\/www.secondhandchild.ch\/wordpress\/index.php?rest_route=\/wp\/v2\/pages\/57\/revisions\/683"}],"wp:attachment":[{"href":"https:\/\/www.secondhandchild.ch\/wordpress\/index.php?rest_route=%2Fwp%2Fv2%2Fmedia&parent=57"}],"curies":[{"name":"wp","href":"https:\/\/api.w.org\/{rel}","templated":true}]}}