{"id":779,"date":"2018-05-26T17:30:51","date_gmt":"2018-05-26T17:30:51","guid":{"rendered":"http:\/\/www.secondhandchild.ch\/wordpress\/?page_id=779"},"modified":"2018-05-26T17:32:33","modified_gmt":"2018-05-26T17:32:33","slug":"impressum","status":"publish","type":"page","link":"https:\/\/www.secondhandchild.ch\/wordpress\/?page_id=779","title":{"rendered":"Impressum"},"content":{"rendered":"<h2><strong>Seitenbetreiber\/Inhaber:<\/strong><\/h2>\n<p>Kurt Meinicke<\/p>\n<h2><strong>Verantwortliche f\u00fcr den Seiteninhalt:<\/strong><\/h2>\n<p>ShC <em>(i.e. alle ehemaligen Band-Mitglieder)<\/em><\/p>\n<p>Weitere Informationen sowie Kontaktdaten k\u00f6nnen mit entsprechender Begr\u00fcndung per E-mail angefordert werden: <a href=\"mailto:kurt@secondhandchild.ch\"><strong>kurt@secondhandchild.ch<\/strong><\/a><\/p>\n<p>Wie wir mit erhaltenen Nachrichten und den darin enthaltenen Daten umgehen kann man in unserer <a href=\"https:\/\/www.secondhandchild.ch\/wordpress\/?page_id=775\" rel=\"noopener\" target=\"_blank\"><strong>Datenschutzerkl\u00e4rung<\/strong><\/a> (im Abschnitt &#8220;Kontaktaufnahme&#8221;) nachlesen.<\/p>\n","protected":false},"excerpt":{"rendered":"<p>Seitenbetreiber\/Inhaber: Kurt Meinicke Verantwortliche f\u00fcr den Seiteninhalt: ShC (i.e. alle ehemaligen Band-Mitglieder) Weitere Informationen sowie Kontaktdaten k\u00f6nnen mit entsprechender Begr\u00fcndung per E-mail angefordert werden: kurt@secondhandchild.ch Wie wir mit erhaltenen Nachrichten und den darin enthaltenen Daten umgehen kann man in unserer &hellip; <a href=\"https:\/\/www.secondhandchild.ch\/wordpress\/?page_id=779\">Continue reading <span class=\"meta-nav\">&rarr;<\/span><\/a><\/p>\n","protected":false},"author":1,"featured_media":0,"parent":765,"menu_order":2,"comment_status":"closed","ping_status":"closed","template":"","meta":{"jetpack_post_was_ever_published":false,"footnotes":""},"class_list":["post-779","page","type-page","status-publish","hentry"],"jetpack_sharing_enabled":true,"jetpack_shortlink":"https:\/\/wp.me\/P73Hwi-cz","jetpack-related-posts":[{"id":775,"url":"https:\/\/www.secondhandchild.ch\/wordpress\/?page_id=775","url_meta":{"origin":779,"position":0},"title":"Datenschutzerkl\u00e4rung","author":"K","date":"26\/05\/2018","format":false,"excerpt":"Wer wir sind Unsere Webadresse lautet: http:\/\/www.secondhandchild.ch\/wordpress Diese Webseite ist ein Non-Profit Informationsportal der Band Secondhand Child (ShC). Man findet hier Informationen zum Schaffen der Band und deren Ver\u00f6ffentlichungen (Alben und Videos) und Auftritte. Wir nehmen den Schutz personenbezogener Daten sehr ernst. Secondhandchild.ch verarbeitet personenbezogene Daten nur, sofern das Gesetz\u2026","rel":"","context":"Similar post","block_context":{"text":"Similar post","link":""},"img":{"alt_text":"","src":"","width":0,"height":0},"classes":[]},{"id":777,"url":"https:\/\/www.secondhandchild.ch\/wordpress\/?page_id=777","url_meta":{"origin":779,"position":1},"title":"Privacy Policy","author":"K","date":"26\/05\/2018","format":false,"excerpt":"Well...sorry folks, but we won't translate this part! It just explains, in accordance with the EU GDPR, what data is collected by this page, how it is treated and what the rights of visitors of this page are (i.e. request information regarding personal data and\/or request deletion of said data).\u2026","rel":"","context":"Similar post","block_context":{"text":"Similar post","link":""},"img":{"alt_text":"","src":"","width":0,"height":0},"classes":[]},{"id":781,"url":"https:\/\/www.secondhandchild.ch\/wordpress\/?page_id=781","url_meta":{"origin":779,"position":2},"title":"Imprint","author":"K","date":"26\/05\/2018","format":false,"excerpt":"Page Admin\/Proprietor: Kurt Meinicke Responsible persons for the site content: ShC (i.e. all former band-members) More information including contact details can be requested with respective justification via e-mail: kurt@secondhandchild.ch How we treat received messages and the included information can be read in our Privacy Policy (section \"Kontaktaufnahme\" - german only).","rel":"","context":"Similar post","block_context":{"text":"Similar post","link":""},"img":{"alt_text":"","src":"","width":0,"height":0},"classes":[]},{"id":2,"url":"https:\/\/www.secondhandchild.ch\/wordpress\/?page_id=2","url_meta":{"origin":779,"position":3},"title":"Biographie","author":"K","date":"18\/06\/2010","format":false,"excerpt":"Vor vielen Tagen und langen N\u00e4chten, beschlossen f\u00fcnf lustige Freunde der lauten Musik eine Band zu gr\u00fcnden. Und wenn man so etwas schon mal beschliesst, dann macht man das halt auch... Der Musikstil stand auf Anhieb fest, und man entschloss sich umgehend dazu das Publikum mittels einer Mischung aus H\u00e4rte\u2026","rel":"","context":"Similar post","block_context":{"text":"Similar post","link":""},"img":{"alt_text":"","src":"","width":0,"height":0},"classes":[]},{"id":57,"url":"https:\/\/www.secondhandchild.ch\/wordpress\/?page_id=57","url_meta":{"origin":779,"position":4},"title":"ShC LIVE!","author":"K","date":"02\/09\/2010","format":false,"excerpt":"Weitere Daten folgen nicht mehr... ---LIVE ARCHIVE (since HP-Relaunch)--- 2012 Samstag, 8. September 2012 - Privater \"Hochzeit-Gig\" (Dornach) Samstag, 7. Juli 2012 - Affenarschfest (Aarau) Samstag, 16. Juni 2012 - Maniac MC Basel-Jubil\u00e4um mit Fire Rose (Muttenz) Montag, 28. Mai 2012 - \"Geschlossene Gesellschaft\"-Minigig Samstag, 3. M\u00e4rz 2012 - \"Rock\u2026","rel":"","context":"Similar post","block_context":{"text":"Similar post","link":""},"img":{"alt_text":"","src":"","width":0,"height":0},"classes":[]},{"id":86,"url":"https:\/\/www.secondhandchild.ch\/wordpress\/?page_id=86","url_meta":{"origin":779,"position":5},"title":"Haftungsausschluss","author":"K","date":"15\/09\/2010","format":false,"excerpt":"1. Inhalt des Onlineangebotes Der Autor \u00fcbernimmt keinerlei Gew\u00e4hr f\u00fcr die Aktualit\u00e4t, Korrektheit, Vollst\u00e4ndigkeit oder Qualit\u00e4t der bereitgestellten Informationen. Haftungsanspr\u00fcche gegen den Autor, welche sich auf Sch\u00e4den materieller oder ideeller Art beziehen, die durch die Nutzung oder Nichtnutzung der dargebotenen Informationen bzw. durch die Nutzung fehlerhafter und unvollst\u00e4ndiger Informationen verursacht\u2026","rel":"","context":"Similar post","block_context":{"text":"Similar post","link":""},"img":{"alt_text":"","src":"","width":0,"height":0},"classes":[]}],"_links":{"self":[{"href":"https:\/\/www.secondhandchild.ch\/wordpress\/index.php?rest_route=\/wp\/v2\/pages\/779","targetHints":{"allow":["GET"]}}],"collection":[{"href":"https:\/\/www.secondhandchild.ch\/wordpress\/index.php?rest_route=\/wp\/v2\/pages"}],"about":[{"href":"https:\/\/www.secondhandchild.ch\/wordpress\/index.php?rest_route=\/wp\/v2\/types\/page"}],"author":[{"embeddable":true,"href":"https:\/\/www.secondhandchild.ch\/wordpress\/index.php?rest_route=\/wp\/v2\/users\/1"}],"replies":[{"embeddable":true,"href":"https:\/\/www.secondhandchild.ch\/wordpress\/index.php?rest_route=%2Fwp%2Fv2%2Fcomments&post=779"}],"version-history":[{"count":2,"href":"https:\/\/www.secondhandchild.ch\/wordpress\/index.php?rest_route=\/wp\/v2\/pages\/779\/revisions"}],"predecessor-version":[{"id":782,"href":"https:\/\/www.secondhandchild.ch\/wordpress\/index.php?rest_route=\/wp\/v2\/pages\/779\/revisions\/782"}],"up":[{"embeddable":true,"href":"https:\/\/www.secondhandchild.ch\/wordpress\/index.php?rest_route=\/wp\/v2\/pages\/765"}],"wp:attachment":[{"href":"https:\/\/www.secondhandchild.ch\/wordpress\/index.php?rest_route=%2Fwp%2Fv2%2Fmedia&parent=779"}],"curies":[{"name":"wp","href":"https:\/\/api.w.org\/{rel}","templated":true}]}}